{"id":2,"date":"2016-02-02T17:50:14","date_gmt":"2016-02-02T16:50:14","guid":{"rendered":"http:\/\/kfz-schultz.networx-online.de\/?page_id=2"},"modified":"2016-02-03T10:59:49","modified_gmt":"2016-02-03T09:59:49","slug":"beispiel-seite","status":"publish","type":"page","link":"https:\/\/kfz-schultz.de\/","title":{"rendered":"KFZ-Lackierung und mehr"},"content":{"rendered":"<p style=\"text-align: justify;\"><strong>Willkommen auf der Seite von Kfz Lackierung M.Schultz in Sonneberg.<\/strong><\/p>\n<p style=\"text-align: justify;\"><strong>Wir sind ein kompetenter Partner in Sachen Lackierung, Unfallreparatur und Smartrepair. In unserer Werkstatt verwenden wir nur Produkte namhafter Hersteller f\u00fcr eine volle Kundenzufriedenheit. Gegr\u00fcndet wurde unsere Firma 1993 mit einer KFZ-Selbsthilfewerkstatt, seitdem wurde unser Leistungsspektrum st\u00e4ndig erweitert. Seit mehr als 18 Jahren sind wir nun auch im Lackierbereich t\u00e4tig. Kleine Dellen, Parkrempler oder Hagelsch\u00e4den reparieren wir schnell und kosteng\u00fcnstig ohne Lackierung. Falls es mal kein Lack sondern Folie sein soll, k\u00f6nnen wir ihnen auch gerne weiterhelfen. Wir arbeiten eng mit Folienspezialisten aus der Umgebung zusammen.<br \/>\nSchauen sie doch einfach einmal bei uns vorbei oder rufen sie uns an, fragen kostet nichts.<\/strong><\/p>\n<p style=\"text-align: justify;\">\n","protected":false},"excerpt":{"rendered":"<p>Willkommen auf der Seite von Kfz Lackierung M.Schultz in Sonneberg. Wir sind ein kompetenter Partner in Sachen Lackierung, Unfallreparatur und Smartrepair. In unserer Werkstatt verwenden wir nur Produkte namhafter Hersteller f\u00fcr eine volle Kundenzufriedenheit. Gegr\u00fcndet wurde unsere Firma 1993 mit &hellip; <a href=\"https:\/\/kfz-schultz.de\/\">Weiterlesen <span class=\"meta-nav\">&rarr;<\/span><\/a><\/p>\n","protected":false},"author":1,"featured_media":0,"parent":0,"menu_order":0,"comment_status":"closed","ping_status":"open","template":"sidebar-page.php","meta":{"footnotes":""},"class_list":["post-2","page","type-page","status-publish","hentry"],"aioseo_notices":[],"_links":{"self":[{"href":"https:\/\/kfz-schultz.de\/index.php?rest_route=\/wp\/v2\/pages\/2","targetHints":{"allow":["GET"]}}],"collection":[{"href":"https:\/\/kfz-schultz.de\/index.php?rest_route=\/wp\/v2\/pages"}],"about":[{"href":"https:\/\/kfz-schultz.de\/index.php?rest_route=\/wp\/v2\/types\/page"}],"author":[{"embeddable":true,"href":"https:\/\/kfz-schultz.de\/index.php?rest_route=\/wp\/v2\/users\/1"}],"replies":[{"embeddable":true,"href":"https:\/\/kfz-schultz.de\/index.php?rest_route=%2Fwp%2Fv2%2Fcomments&post=2"}],"version-history":[{"count":10,"href":"https:\/\/kfz-schultz.de\/index.php?rest_route=\/wp\/v2\/pages\/2\/revisions"}],"predecessor-version":[{"id":83,"href":"https:\/\/kfz-schultz.de\/index.php?rest_route=\/wp\/v2\/pages\/2\/revisions\/83"}],"wp:attachment":[{"href":"https:\/\/kfz-schultz.de\/index.php?rest_route=%2Fwp%2Fv2%2Fmedia&parent=2"}],"curies":[{"name":"wp","href":"https:\/\/api.w.org\/{rel}","templated":true}]}}